{"id":787,"date":"2020-02-27T19:23:27","date_gmt":"2020-02-27T18:23:27","guid":{"rendered":"https:\/\/vinasturm.si\/trgovina\/?page_id=787"},"modified":"2022-05-05T09:20:23","modified_gmt":"2022-05-05T07:20:23","slug":"vinoteke","status":"publish","type":"page","link":"https:\/\/vinasturm.si\/trgovina\/vinoteke\/","title":{"rendered":"Vinoteke"},"content":{"rendered":"\n<p class=\"has-text-align-left\">Obi\u0161\u010dite nas v na\u0161ih vinotekah. Pridite sami ali s prijatelji na kozarec vina \u0160turm. Za vas in va\u0161o dru\u017ebo lahko pripravimo degustacijo, da se boste la\u017eje odlo\u010dili, katero vino kupiti za domov. Vina so na voljo tudi v leseni darilni embala\u017ei. Vabljeni. <\/p>\n\n\n\n<h2 class=\"wp-block-heading\">Grajska klet<\/h2>\n\n\n\n<p><strong>Metli\u0161ki grad<\/strong><br>Trg svobode 4<br>Si-8330 Metlika<\/p>\n\n\n\n<p><strong>Urnik<\/strong><br><\/p>\n\n\n\n<p>Ponedeljek &#8211; \u010detrtek: 7.00-15.00<br>Petek: 7.00-00.00<br>Sobota: 8.00-00.00<br>Nedelja: 8.00-13.00<\/p>\n\n\n\n<p>\ud83d\udce7 grajska.klet-sturm@siol.com<br>\ud83d\udcf1 +386 31 632 470<br>\ud83d\udccd <a href=\"https:\/\/goo.gl\/maps\/deuErfJJaUjRfUfe9\">Google Zemljevid<\/a><\/p>\n\n\n\n<iframe src=\"https:\/\/www.google.com\/maps\/embed?pb=!4v1566280576932!6m8!1m7!1sCAoSLEFGMVFpcE1mTTFrZnBQeXNRVkhaSHBEbDJMQ3ZxX3l0akR4MTZ2RTg0RkFE!2m2!1d45.65148545899354!2d15.3175746566028!3f329.0410339044005!4f-0.09735006076441266!5f0.7820865974627469\" width=\"800\" height=\"600\" frameborder=\"0\" style=\"border:0\" allowfullscreen=\"\"><\/iframe>\n\n\n\n<div class=\"wp-block-button is-style-fill\"><a class=\"wp-block-button__link has-text-color has-background\" href=\"https:\/\/www.google.com\/maps\/place\/Grajska+klet+Lidija+%C5%A0turm+s.p.\/@45.6514855,15.3175747,3a,75y,329.04h,89.9t\/data=!3m7!1e1!3m5!1sAF1QipMfM1kfpPysQVHZHpDl2LCvq_ytjDx16vE84FAD!2e10!3e12!7i10000!8i5000!4m5!3m4!1s0x47644fe6c5d3003d:0xae2a4856c9ca941d!8m2!3d45.6513757!4d15.3175463\" style=\"background-color:#151f2d;color:#ffffff\" target=\"_blank\" rel=\"https:\/\/www.google.com\/ noopener noreferrer\">Vsi virtualni sprehodi po Grajski kleti<\/a><\/div>\n\n\n\n<h2 class=\"wp-block-heading\">Vinoteka \u0160turm<\/h2>\n\n\n\n<p><strong>Nakupovalni center Qlandia<\/strong><br>Oto\u0161ka cesta 5<br>Si-8000 Novo mesto<\/p>\n\n\n\n<p><strong>Urnik<\/strong><br>Ponedeljek &#8211; Petek: 9.00-21.00<br>Sobota 8.00-21.00 | Nedelja in prazniki: zaprto<\/p>\n\n\n\n<p>\ud83d\udce7 vina.sturm@siol.net<br>\ud83d\udcf1 +386 31 632 470<br>\ud83d\udccd <a href=\"https:\/\/goo.gl\/maps\/W1XNFQprvi2LjH9w8\">Google Zemljevid<\/a><\/p>\n\n\n\n<iframe src=\"https:\/\/www.google.com\/maps\/embed?pb=!4v1566280480180!6m8!1m7!1sCAoSLEFGMVFpcE5CX1BsaWlZcTM2MEhwZG8zU1MwVEIwcExqS0REVl9CRnFmbjIz!2m2!1d45.82691900795066!2d15.18573620744132!3f290.57275403872313!4f0.4484832541839836!5f0.4000000000000002\" width=\"800\" height=\"600\" frameborder=\"0\" style=\"border:0\" allowfullscreen=\"\"><\/iframe>\n\n\n\n<div class=\"wp-block-button is-style-fill\"><a class=\"wp-block-button__link has-text-color has-background\" href=\"https:\/\/www.google.com\/maps\/place\/Vinoteka+STURM\/@45.826919,15.1857362,3a,90y,290.57h,90.45t\/data=!3m7!1e1!3m5!1sAF1QipNB_PliiYq360Hpdo3SS0TB0pLjKDDV_BFqfn23!2e10!3e12!7i10000!8i5000!4m5!3m4!1s0x4765000cc5500001:0xbceb80cfdc0cdba7!8m2!3d45.826988!4d15.1855325\" style=\"background-color:#151f2d;color:#ffffff\" target=\"_blank\" rel=\"noreferrer noopener\"> Vsi virtualni sprehodi po Vinoteki \u0160turm<\/a><\/div>\n","protected":false},"excerpt":{"rendered":"<p>Obi\u0161\u010dite nas v na\u0161ih vinotekah. Pridite sami ali s prijatelji na kozarec vina \u0160turm. Za vas in va\u0161o dru\u017ebo lahko pripravimo degustacijo, da se boste la\u017eje odlo\u010dili, katero vino kupiti za domov. Vina so na voljo tudi v leseni darilni embala\u017ei. Vabljeni. Grajska klet Metli\u0161ki gradTrg svobode 4Si-8330 Metlika Urnik Ponedeljek &#8211; \u010detrtek: 7.00-15.00Petek: 7.00-00.00Sobota: [&hellip;]<\/p>\n","protected":false},"author":1,"featured_media":0,"parent":0,"menu_order":0,"comment_status":"closed","ping_status":"closed","template":"","meta":{"_monsterinsights_skip_tracking":false,"_monsterinsights_sitenote_active":false,"_monsterinsights_sitenote_note":"","_monsterinsights_sitenote_category":0,"footnotes":""},"class_list":["post-787","page","type-page","status-publish","hentry"],"_links":{"self":[{"href":"https:\/\/vinasturm.si\/trgovina\/wp-json\/wp\/v2\/pages\/787","targetHints":{"allow":["GET"]}}],"collection":[{"href":"https:\/\/vinasturm.si\/trgovina\/wp-json\/wp\/v2\/pages"}],"about":[{"href":"https:\/\/vinasturm.si\/trgovina\/wp-json\/wp\/v2\/types\/page"}],"author":[{"embeddable":true,"href":"https:\/\/vinasturm.si\/trgovina\/wp-json\/wp\/v2\/users\/1"}],"replies":[{"embeddable":true,"href":"https:\/\/vinasturm.si\/trgovina\/wp-json\/wp\/v2\/comments?post=787"}],"version-history":[{"count":28,"href":"https:\/\/vinasturm.si\/trgovina\/wp-json\/wp\/v2\/pages\/787\/revisions"}],"predecessor-version":[{"id":1396,"href":"https:\/\/vinasturm.si\/trgovina\/wp-json\/wp\/v2\/pages\/787\/revisions\/1396"}],"wp:attachment":[{"href":"https:\/\/vinasturm.si\/trgovina\/wp-json\/wp\/v2\/media?parent=787"}],"curies":[{"name":"wp","href":"https:\/\/api.w.org\/{rel}","templated":true}]}}