{"id":1022,"date":"2020-04-25T18:29:11","date_gmt":"2020-04-25T16:29:11","guid":{"rendered":"https:\/\/vinasturm.si\/trgovina\/?post_type=product&#038;p=1022"},"modified":"2026-04-29T22:36:12","modified_gmt":"2026-04-29T20:36:12","slug":"rizling","status":"publish","type":"product","link":"https:\/\/vinasturm.si\/trgovina\/izdelek\/rizling\/","title":{"rendered":"Rizling 2024"},"content":{"rendered":"<div class=\"attribute\"><span class=\"name\"><strong>Dr\u017eava porekla<\/strong>:\u00a0<\/span>Slovenija<\/div>\n<div class=\"attribute\"><span class=\"name\"><strong>Regija<\/strong>:\u00a0<\/span>Bela krajina<\/div>\n<div class=\"attribute\"><span class=\"name\"><strong>Barva vina<\/strong>:\u00a0<\/span>Belo<\/div>\n<div class=\"attribute\"><span class=\"name\"><strong>Vsebina<\/strong>:\u00a0<\/span>0,75 l<\/div>\n<div class=\"attribute\"><span class=\"name\"><strong>Sorta<\/strong>: Rizling<\/span><\/div>\n<div class=\"attribute\"><span class=\"name\"><strong>Stil vina<\/strong>: Suho belo<\/span><\/div>\n<div class=\"attribute\"><span class=\"name\"><strong>Sladkorna stopnja<\/strong>:\u00a0<\/span>Suho<\/div>\n<div class=\"attribute\"><span class=\"name\"><strong>Letnik vina<\/strong>:\u00a0<\/span>2024<\/div>\n<div class=\"attribute\"><span class=\"name\"><strong>Alkoholna stopnja<\/strong>:\u00a0<\/span>13,5 %<\/div>\n<div><\/div>\n<div><\/div>\n","protected":false},"excerpt":{"rendered":"<div dir=\"auto\">Rizling je zvrst dveh sort &#8211;\u00a0 la\u0161kega, ki mu daje polnost, ter renskega rizlinga, ki daje plemenitost in dopolni aromatiko. Oba uspevata na isti legi na ritki svete Ane, ki se pona\u0161a z lapornatimi tlemi.<\/div>\n<div dir=\"auto\"><\/div>\n<div dir=\"auto\">Vino je ne\u017ene zlatorumene barve z mladostno cvetico, ki zadi\u0161i po cvetju in rumenem sadju. Vino je suho ter mineralnih zaznav, za kar so zaslu\u017ene majhne obremenitve na trto.<\/div>\n<div dir=\"auto\"><\/div>\n<div dir=\"auto\">Rizling, ki izra\u017ea harmonijo med polnim telesom, alkoholom in sve\u017eino. Krepkej\u0161e in prijetno vino, ki navdu\u0161i s \u010distostjo okusov ter dolgim pookusom.<\/div>\n","protected":false},"featured_media":1757,"template":"","meta":{"_monsterinsights_skip_tracking":false,"_monsterinsights_sitenote_active":false,"_monsterinsights_sitenote_note":"","_monsterinsights_sitenote_category":0},"product_brand":[],"product_cat":[19],"product_tag":[],"class_list":{"0":"post-1022","1":"product","2":"type-product","3":"status-publish","4":"has-post-thumbnail","6":"product_cat-modra-kolekcija","8":"first","9":"instock","10":"taxable","11":"shipping-taxable","12":"purchasable","13":"product-type-simple"},"_links":{"self":[{"href":"https:\/\/vinasturm.si\/trgovina\/wp-json\/wp\/v2\/product\/1022","targetHints":{"allow":["GET"]}}],"collection":[{"href":"https:\/\/vinasturm.si\/trgovina\/wp-json\/wp\/v2\/product"}],"about":[{"href":"https:\/\/vinasturm.si\/trgovina\/wp-json\/wp\/v2\/types\/product"}],"wp:featuredmedia":[{"embeddable":true,"href":"https:\/\/vinasturm.si\/trgovina\/wp-json\/wp\/v2\/media\/1757"}],"wp:attachment":[{"href":"https:\/\/vinasturm.si\/trgovina\/wp-json\/wp\/v2\/media?parent=1022"}],"wp:term":[{"taxonomy":"product_brand","embeddable":true,"href":"https:\/\/vinasturm.si\/trgovina\/wp-json\/wp\/v2\/product_brand?post=1022"},{"taxonomy":"product_cat","embeddable":true,"href":"https:\/\/vinasturm.si\/trgovina\/wp-json\/wp\/v2\/product_cat?post=1022"},{"taxonomy":"product_tag","embeddable":true,"href":"https:\/\/vinasturm.si\/trgovina\/wp-json\/wp\/v2\/product_tag?post=1022"}],"curies":[{"name":"wp","href":"https:\/\/api.w.org\/{rel}","templated":true}]}}