{"id":129,"date":"2020-01-20T19:31:33","date_gmt":"2020-01-20T19:31:33","guid":{"rendered":"https:\/\/vinasturm.si\/trgovina\/?post_type=product&#038;p=129"},"modified":"2026-01-06T11:38:52","modified_gmt":"2026-01-06T10:38:52","slug":"belokranjska-penina","status":"publish","type":"product","link":"https:\/\/vinasturm.si\/trgovina\/izdelek\/belokranjska-penina\/","title":{"rendered":"Belokranjska penina"},"content":{"rendered":"<div><strong>Dr\u017eava porekla:<\/strong> Slovenija<\/div>\n<div><strong>Regija<\/strong>:\u00a0Bela krajina<\/div>\n<div><strong>Barva<\/strong>:\u00a0Belo<\/div>\n<div><strong>Vsebina<\/strong>:\u00a00,75 l<\/div>\n<div><strong>Sorta<\/strong>:\u00a0Beli Cuvee<\/div>\n<div><strong>Stil vina<\/strong>: Pene\u010de vino<\/div>\n<div><strong>Sladkorna stopnja<\/strong>: Brut nature<\/div>\n<div><strong>Alkoholna stopnja<\/strong>: 12 %<\/div>\n","protected":false},"excerpt":{"rendered":"<p>Globje zlatorumene barve, cvetica deluje dozorelo in spominja na med, kremen. Zelo suho, mehur\u010dki so prijetni, la\u017ejega telesa, vi\u0161jih kislin in precej intenzivnega okusa, nekoliko robustnej\u0161i slog. Z dalj\u0161im pookusom. Aperitivna, a definitivno se bo podala tudi k jedem.<\/p>\n","protected":false},"featured_media":131,"template":"","meta":{"_monsterinsights_skip_tracking":false,"_monsterinsights_sitenote_active":false,"_monsterinsights_sitenote_note":"","_monsterinsights_sitenote_category":0},"product_brand":[],"product_cat":[22,20],"product_tag":[],"class_list":{"0":"post-129","1":"product","2":"type-product","3":"status-publish","4":"has-post-thumbnail","6":"product_cat-ornament-kolekcija","7":"product_cat-penine","9":"first","10":"instock","11":"taxable","12":"shipping-taxable","13":"purchasable","14":"product-type-simple"},"_links":{"self":[{"href":"https:\/\/vinasturm.si\/trgovina\/wp-json\/wp\/v2\/product\/129","targetHints":{"allow":["GET"]}}],"collection":[{"href":"https:\/\/vinasturm.si\/trgovina\/wp-json\/wp\/v2\/product"}],"about":[{"href":"https:\/\/vinasturm.si\/trgovina\/wp-json\/wp\/v2\/types\/product"}],"wp:featuredmedia":[{"embeddable":true,"href":"https:\/\/vinasturm.si\/trgovina\/wp-json\/wp\/v2\/media\/131"}],"wp:attachment":[{"href":"https:\/\/vinasturm.si\/trgovina\/wp-json\/wp\/v2\/media?parent=129"}],"wp:term":[{"taxonomy":"product_brand","embeddable":true,"href":"https:\/\/vinasturm.si\/trgovina\/wp-json\/wp\/v2\/product_brand?post=129"},{"taxonomy":"product_cat","embeddable":true,"href":"https:\/\/vinasturm.si\/trgovina\/wp-json\/wp\/v2\/product_cat?post=129"},{"taxonomy":"product_tag","embeddable":true,"href":"https:\/\/vinasturm.si\/trgovina\/wp-json\/wp\/v2\/product_tag?post=129"}],"curies":[{"name":"wp","href":"https:\/\/api.w.org\/{rel}","templated":true}]}}