{"id":1514,"date":"2023-06-19T20:03:10","date_gmt":"2023-06-19T18:03:10","guid":{"rendered":"https:\/\/vinasturm.si\/trgovina\/?post_type=product&#038;p=1514"},"modified":"2026-04-29T22:36:12","modified_gmt":"2026-04-29T20:36:12","slug":"pinot-klaret-2021","status":"publish","type":"product","link":"https:\/\/vinasturm.si\/trgovina\/izdelek\/pinot-klaret-2021\/","title":{"rendered":"Pinot klaret 2021"},"content":{"rendered":"<div class=\"attribute\"><span class=\"name\"><strong>Dr\u017eava porekla<\/strong>:\u00a0<\/span>Slovenija<\/div>\n<div class=\"attribute\"><span class=\"name\"><strong>Regija<\/strong>:\u00a0<\/span>Bela krajina<\/div>\n<div class=\"attribute\"><span class=\"name\"><strong>Barva vina<\/strong>:\u00a0<\/span>Belo<\/div>\n<div class=\"attribute\"><span class=\"name\"><strong>Vsebina<\/strong>:\u00a0<\/span>0,75 l<\/div>\n<div class=\"attribute\"><span class=\"name\"><strong>Sorta<\/strong>: modri pinot<\/span><\/div>\n<div class=\"attribute\"><span class=\"name\"><strong>Stil vina<\/strong>: Suho belo<\/span><\/div>\n<div class=\"attribute\"><span class=\"name\"><strong>Sladkorna stopnja<\/strong>:\u00a0<\/span>Suho<\/div>\n<div class=\"attribute\"><span class=\"name\"><strong>Letnik vina<\/strong>:\u00a0<\/span>2021<\/div>\n<div class=\"attribute\"><span class=\"name\"><strong>Alkoholna stopnja<\/strong>:\u00a0<\/span>14 %<\/div>\n<div><\/div>\n<div><\/div>\n","protected":false},"excerpt":{"rendered":"<p>Pinot klaret ali modri pinot na belo.<\/p>\n<p>Grozdje modrega pinota potrgamo v polni zrelosti in so\u010dnosti. Nato ga ne\u017eno stiskamo in uporabimo le samotok, kar pa nakazuje \u017ee sama barva vina. Za tem vino zori na lastnih dro\u017eeh 18 mesecev v velikih hrastovih sodih.<\/p>\n<p>Barva je bistra, srednje globoka slamnata z bakrenim odsevom.<\/p>\n<p>Privla\u010dna in pestra cvetica navdu\u0161i z obilico sadnih in zrelih vonjav. Prevladujejo jasne note prezrelih jagod modrega pinota, ki so rde\u010da nit tega vina. V ustih je suho z lepimi kislinami ter prijetno mehkobo. Pri\u010dakovati je elegantno a polno telo, saj je bil donos na trto zelo majhen. Odraz tega je tudi mineralnost, ki jo je zaznati v ustih. Ob\u010dutimo kan\u010dek hrastovine, ki se izrazi v polnosti okusa. Pinot klaret je o\u010darljivo vino s prijetnim a trajnim pookusom.<\/p>\n<p>Gre za slogovno druga\u010dno vino. Modri pinot, pridelan po na\u010dinu belih vin, se lahko pohvali z izjemnim sekundarnim razvojem v steklenici, ki se lahko stopnjuje tudi ve\u010d kot deset let. Leta 1994 smo prvi\u010d pridelali tak\u0161en tip vina. Po letniku 2010 se sedaj s tak\u0161nim vinom predstavljamo tretji\u010d.<\/p>\n","protected":false},"featured_media":1739,"template":"","meta":{"_monsterinsights_skip_tracking":false,"_monsterinsights_sitenote_active":false,"_monsterinsights_sitenote_note":"","_monsterinsights_sitenote_category":0},"product_brand":[],"product_cat":[19],"product_tag":[],"class_list":{"0":"post-1514","1":"product","2":"type-product","3":"status-publish","4":"has-post-thumbnail","6":"product_cat-modra-kolekcija","8":"first","9":"instock","10":"taxable","11":"shipping-taxable","12":"purchasable","13":"product-type-simple"},"_links":{"self":[{"href":"https:\/\/vinasturm.si\/trgovina\/wp-json\/wp\/v2\/product\/1514","targetHints":{"allow":["GET"]}}],"collection":[{"href":"https:\/\/vinasturm.si\/trgovina\/wp-json\/wp\/v2\/product"}],"about":[{"href":"https:\/\/vinasturm.si\/trgovina\/wp-json\/wp\/v2\/types\/product"}],"wp:featuredmedia":[{"embeddable":true,"href":"https:\/\/vinasturm.si\/trgovina\/wp-json\/wp\/v2\/media\/1739"}],"wp:attachment":[{"href":"https:\/\/vinasturm.si\/trgovina\/wp-json\/wp\/v2\/media?parent=1514"}],"wp:term":[{"taxonomy":"product_brand","embeddable":true,"href":"https:\/\/vinasturm.si\/trgovina\/wp-json\/wp\/v2\/product_brand?post=1514"},{"taxonomy":"product_cat","embeddable":true,"href":"https:\/\/vinasturm.si\/trgovina\/wp-json\/wp\/v2\/product_cat?post=1514"},{"taxonomy":"product_tag","embeddable":true,"href":"https:\/\/vinasturm.si\/trgovina\/wp-json\/wp\/v2\/product_tag?post=1514"}],"curies":[{"name":"wp","href":"https:\/\/api.w.org\/{rel}","templated":true}]}}