{"id":175,"date":"2020-01-21T19:11:13","date_gmt":"2020-01-21T18:11:13","guid":{"rendered":"https:\/\/vinasturm.si\/trgovina\/?post_type=product&#038;p=175"},"modified":"2026-04-13T08:39:23","modified_gmt":"2026-04-13T06:39:23","slug":"modra-frankinja","status":"publish","type":"product","link":"https:\/\/vinasturm.si\/trgovina\/izdelek\/modra-frankinja\/","title":{"rendered":"Modra frankinja 2023"},"content":{"rendered":"<div><strong>Dr\u017eava porekla:<\/strong> Slovenija<\/div>\n<div><strong>Regija:<\/strong> Bela krajina<\/div>\n<div class=\"attribute\"><span class=\"name\"><strong>Barva vina<\/strong>:\u00a0<\/span>Rde\u010de<\/div>\n<div class=\"attribute\"><span class=\"name\"><strong>Vsebina<\/strong>:\u00a0<\/span>0,75 l<\/div>\n<div class=\"attribute\"><span class=\"name\"><strong>Sorta<\/strong>:\u00a0<\/span>Modra frankinja<\/div>\n<div class=\"attribute\"><span class=\"name\"><strong>Stil vina<\/strong>:\u00a0<\/span>Sve\u017ee rde\u010de<\/div>\n<div class=\"attribute\"><span class=\"name\"><strong>Sladkorna stopnja<\/strong>:\u00a0<\/span>Suho<\/div>\n<div class=\"attribute\"><span class=\"name\"><strong>Letnik vina<\/strong>:\u00a0<\/span>2023<\/div>\n<div class=\"attribute\"><span class=\"name\"><strong>Alkoholna stopnja<\/strong>:\u00a0<\/span>12 %<\/div>\n","protected":false},"excerpt":{"rendered":"<p class=\"_04xlpA direction-ltr align-justify para-style-body\"><span class=\"JsGRdQ\">Vino je neprosojne vijoli\u010dne barve s srednje poudarjeno vendar pestro in mladostno cvetico.<\/span> <span class=\"JsGRdQ\">Na vonju je zaznati rde\u010de jagodi\u010devje prepleteno s prijetnimi notami pikantnosti. V ustih ob\u010dutimo ne\u017eno teksturo, so\u010dno sadnost rde\u010dkastih gozdnih sade\u017eev ter rahle note \u010drnega popra, ki izra\u017eajo sortno zna\u010dilnost. Je suho, srednjega do polnega telesa, z \u017eivahnimi a uravnote\u017eenimi kislinami, lepo sve\u017eino ter ni\u017ejo vsebnostjo taninov. Vino s prijetno mehkobo in srednje dolgim zatonom. <\/span><span class=\"JsGRdQ\">Izredno pitko vino, ki se odli\u010dno poda k suhomesnatim jedem, pici, testeninam.<\/span><\/p>\n","protected":false},"featured_media":115,"template":"","meta":{"_monsterinsights_skip_tracking":false,"_monsterinsights_sitenote_active":false,"_monsterinsights_sitenote_note":"","_monsterinsights_sitenote_category":0},"product_brand":[],"product_cat":[18],"product_tag":[],"class_list":{"0":"post-175","1":"product","2":"type-product","3":"status-publish","4":"has-post-thumbnail","6":"product_cat-bela-kolekcija","8":"first","9":"instock","10":"taxable","11":"shipping-taxable","12":"purchasable","13":"product-type-simple"},"_links":{"self":[{"href":"https:\/\/vinasturm.si\/trgovina\/wp-json\/wp\/v2\/product\/175","targetHints":{"allow":["GET"]}}],"collection":[{"href":"https:\/\/vinasturm.si\/trgovina\/wp-json\/wp\/v2\/product"}],"about":[{"href":"https:\/\/vinasturm.si\/trgovina\/wp-json\/wp\/v2\/types\/product"}],"wp:featuredmedia":[{"embeddable":true,"href":"https:\/\/vinasturm.si\/trgovina\/wp-json\/wp\/v2\/media\/115"}],"wp:attachment":[{"href":"https:\/\/vinasturm.si\/trgovina\/wp-json\/wp\/v2\/media?parent=175"}],"wp:term":[{"taxonomy":"product_brand","embeddable":true,"href":"https:\/\/vinasturm.si\/trgovina\/wp-json\/wp\/v2\/product_brand?post=175"},{"taxonomy":"product_cat","embeddable":true,"href":"https:\/\/vinasturm.si\/trgovina\/wp-json\/wp\/v2\/product_cat?post=175"},{"taxonomy":"product_tag","embeddable":true,"href":"https:\/\/vinasturm.si\/trgovina\/wp-json\/wp\/v2\/product_tag?post=175"}],"curies":[{"name":"wp","href":"https:\/\/api.w.org\/{rel}","templated":true}]}}