{"id":1754,"date":"2026-04-15T09:06:26","date_gmt":"2026-04-15T07:06:26","guid":{"rendered":"https:\/\/vinasturm.si\/trgovina\/?post_type=product&#038;p=1754"},"modified":"2026-04-15T12:54:39","modified_gmt":"2026-04-15T10:54:39","slug":"rumeni-muskat-2023","status":"publish","type":"product","link":"https:\/\/vinasturm.si\/trgovina\/izdelek\/rumeni-muskat-2023\/","title":{"rendered":"Rumeni mu\u0161kat 2023"},"content":{"rendered":"<div class=\"page-box fixed-header white-header header-mini\">\n<div class=\"page-box-content\">\n<section id=\"main\" class=\"lib-main-container lib-cart-source\">\n<div class=\"container-fluid max-width lib-product-page\">\n<div id=\"product_2385\" class=\"lib-product product-page product-one-holder\" data-quantity-delta=\"1\" data-quantity=\"1\" data-max-quantity=\"2.0000\" data-id=\"2385\" data-price=\"8.54\">\n<div class=\"tabs products-tab\">\n<div class=\"tab-content\">\n<div id=\"subtype_149_product_details\" class=\"tab-pane fade in active\">\n<div><span class=\"name\"><strong>Dr\u017eava porekla<\/strong>:\u00a0<\/span>Slovenija<\/div>\n<\/div>\n<\/div>\n<\/div>\n<\/div>\n<div>\n<div class=\"attribute\"><span class=\"name\"><strong>Regija<\/strong>:\u00a0<\/span>Bela krajina<\/div>\n<div class=\"attribute\"><span class=\"name\"><strong>Barva vina<\/strong>:\u00a0<\/span>Belo<\/div>\n<div class=\"attribute\"><span class=\"name\"><strong>Vsebina<\/strong>:\u00a0<\/span>0,75 l<\/div>\n<div class=\"attribute\"><span class=\"name\"><strong>Sorta<\/strong>:\u00a0<\/span>Rumeni mu\u0161kat<\/div>\n<div><strong>Stil vina:<\/strong> Sladko belo<\/div>\n<div class=\"attribute\"><span class=\"name\"><strong>Sladkorna stopnja<\/strong>: sladko<\/span><\/div>\n<div class=\"attribute\"><span class=\"name\"><strong>Letnik<\/strong>:\u00a0<\/span>2023<\/div>\n<div class=\"attribute\"><span class=\"name\"><strong>Alkoholna stopnja<\/strong>:\u00a0<\/span>14,5 %<\/div>\n<div><\/div>\n<\/div>\n<\/div>\n<\/section>\n<\/div>\n<\/div>\n","protected":false},"excerpt":{"rendered":"<p><strong>Rumeni mu\u0161kat pozna trgatev<\/strong><br \/>\nGrozdje rumenega mu\u0161kata, ki smo ga namenili za to trgatev, se nahaja v vinogradu, starem ve\u010d kot 30 let. Ima lapornato podlago in le\u017ei na izredno son\u010dni legi pod cerkvico Sv Ane. Grozdje smo potrgali 1 mesec po redni trgatvi, ko je \u017ee bilo napadeno z \u017elahtno gnilobo.<br \/>\nVino je ne\u017ene zlato rumene barve, z izjemno mu\u0161katno cvetico, ki preraste v note sladkih za\u010dimb.\u00a0 V ustih je vino sladko, z ostankom sladkorja med 50 in 60 g\/ liter. Vino izra\u017ea lastnosti pozne trgatve, odlikuje ga\u00a0 bogato telo z izra\u017eeno sortno aromo in oljnato teksturo, ki se v ustih lepo razbohoti. Vino premore dolg harmoni\u010dni razvoj ter lep mu\u0161katni zaklju\u010dek. Rumeni mu\u0161kat pozna trgatev iz zlate kolekcije uvr\u0161\u010damo med predikate in je zelo popularen kot samostojno vino med ljubitelji slaj\u0161ih vin.<\/p>\n","protected":false},"featured_media":1755,"template":"","meta":{"_monsterinsights_skip_tracking":false,"_monsterinsights_sitenote_active":false,"_monsterinsights_sitenote_note":"","_monsterinsights_sitenote_category":0},"product_brand":[],"product_cat":[21],"product_tag":[],"class_list":{"0":"post-1754","1":"product","2":"type-product","3":"status-publish","4":"has-post-thumbnail","6":"product_cat-zlata-kolekcija","8":"first","9":"instock","10":"taxable","11":"shipping-taxable","12":"purchasable","13":"product-type-simple"},"_links":{"self":[{"href":"https:\/\/vinasturm.si\/trgovina\/wp-json\/wp\/v2\/product\/1754","targetHints":{"allow":["GET"]}}],"collection":[{"href":"https:\/\/vinasturm.si\/trgovina\/wp-json\/wp\/v2\/product"}],"about":[{"href":"https:\/\/vinasturm.si\/trgovina\/wp-json\/wp\/v2\/types\/product"}],"wp:featuredmedia":[{"embeddable":true,"href":"https:\/\/vinasturm.si\/trgovina\/wp-json\/wp\/v2\/media\/1755"}],"wp:attachment":[{"href":"https:\/\/vinasturm.si\/trgovina\/wp-json\/wp\/v2\/media?parent=1754"}],"wp:term":[{"taxonomy":"product_brand","embeddable":true,"href":"https:\/\/vinasturm.si\/trgovina\/wp-json\/wp\/v2\/product_brand?post=1754"},{"taxonomy":"product_cat","embeddable":true,"href":"https:\/\/vinasturm.si\/trgovina\/wp-json\/wp\/v2\/product_cat?post=1754"},{"taxonomy":"product_tag","embeddable":true,"href":"https:\/\/vinasturm.si\/trgovina\/wp-json\/wp\/v2\/product_tag?post=1754"}],"curies":[{"name":"wp","href":"https:\/\/api.w.org\/{rel}","templated":true}]}}