{"id":185,"date":"2020-01-21T19:23:59","date_gmt":"2020-01-21T18:23:59","guid":{"rendered":"https:\/\/vinasturm.si\/trgovina\/?post_type=product&#038;p=185"},"modified":"2025-12-03T07:00:41","modified_gmt":"2025-12-03T06:00:41","slug":"renski-rizling","status":"publish","type":"product","link":"https:\/\/vinasturm.si\/trgovina\/izdelek\/renski-rizling\/","title":{"rendered":"Renski rizling 2022"},"content":{"rendered":"<div class=\"page-box fixed-header white-header header-mini\">\n<div class=\"page-box-content\">\n<section id=\"main\" class=\"lib-main-container lib-cart-source\">\n<div class=\"container-fluid max-width lib-product-page\">\n<div id=\"product_2385\" class=\"lib-product product-page product-one-holder\" data-quantity-delta=\"1\" data-quantity=\"1\" data-max-quantity=\"2.0000\" data-id=\"2385\" data-price=\"8.54\">\n<div class=\"tabs products-tab\">\n<div class=\"tab-content\">\n<div id=\"subtype_149_product_details\" class=\"tab-pane fade in active\">\n<div class=\"attribute\"><span class=\"name\"><strong>Dr\u017eava porekla<\/strong>:\u00a0<\/span>Slovenija<\/div>\n<\/div>\n<\/div>\n<\/div>\n<div>\n<div>\n<div class=\"attribute\"><span class=\"name\"><strong>Regija<\/strong>:\u00a0<\/span>Bela krajina<\/div>\n<div class=\"attribute\"><span class=\"name\"><strong>Barva vina<\/strong>:\u00a0<\/span>Belo<\/div>\n<div class=\"attribute\"><span class=\"name\"><strong>Vsebina<\/strong>:\u00a0<\/span>0,75 l<\/div>\n<div class=\"attribute\"><span class=\"name\"><strong>Sorta<\/strong>:\u00a0<\/span>Renski rizling<\/div>\n<div><strong>Stil vina:<\/strong> Sladko belo<\/div>\n<div class=\"attribute\"><span class=\"name\"><strong>Sladkorna stopnja<\/strong>: Sladko<\/span><\/div>\n<div class=\"attribute\"><span class=\"name\"><strong>Letnik<\/strong>:\u00a0<\/span>2022<\/div>\n<div class=\"attribute\"><span class=\"name\"><strong>Alkoholna stopnja<\/strong>:\u00a0<\/span>12,5 %<\/div>\n<\/div>\n<\/div>\n<\/div>\n<\/div>\n<\/section>\n<\/div>\n<\/div>\n","protected":false},"excerpt":{"rendered":"<p class=\"_04xlpA direction-ltr align-justify para-style-body\"><span class=\"JsGRdQ\">Renski rizling potrgamo v polni zrelosti, ko je \u017ee delno napaden z \u017elahtno gnilobo. Take razmere imamo tri ali \u0161tirikrat v desetih letih. Gre vsaj za pozno trgatev, a najve\u010dkrat lahko govorimo kar o izborni trgatvi. Fermentacija poteka na ni\u017ejih temperaturah, da ohrani kraljevske sortne zna\u010dilnosti.<\/span><\/p>\n<p class=\"_04xlpA direction-ltr align-justify para-style-body\"><span class=\"JsGRdQ\">Vino je globoke zlato rumene barve, oljnate teksture, z izra\u017eeno in pestro cvetico, ki spominja na zrelo breskev, lipov cvet, ananas ter prehaja v zrele note rozin in suhega sadja. Fermentacija se zaradi obilice sladkorja ustavi precej pred koncem, zato se preostali nepovreti sladkor lepo ujame z visokimi in zrelimi kislinami. To plemenito vino razvaja na\u0161e brbon\u010dice s polnim telesom ter bogatim in kompleksnim okusom, ki v ustih \u0161e dolgo vztraja. Lepo se ujame s sladicami kot sta jabol\u010dna pita ali sadni sladoled, \u010de ste dovolj drzni pa boste svoje u\u017eitke iskali v kombinaciji s pa\u0161teto iz gosjih jeter.<\/span><\/p>\n","protected":false},"featured_media":186,"template":"","meta":{"_monsterinsights_skip_tracking":false,"_monsterinsights_sitenote_active":false,"_monsterinsights_sitenote_note":"","_monsterinsights_sitenote_category":0},"product_brand":[],"product_cat":[19],"product_tag":[],"class_list":{"0":"post-185","1":"product","2":"type-product","3":"status-publish","4":"has-post-thumbnail","6":"product_cat-modra-kolekcija","8":"first","9":"instock","10":"taxable","11":"shipping-taxable","12":"purchasable","13":"product-type-simple"},"_links":{"self":[{"href":"https:\/\/vinasturm.si\/trgovina\/wp-json\/wp\/v2\/product\/185","targetHints":{"allow":["GET"]}}],"collection":[{"href":"https:\/\/vinasturm.si\/trgovina\/wp-json\/wp\/v2\/product"}],"about":[{"href":"https:\/\/vinasturm.si\/trgovina\/wp-json\/wp\/v2\/types\/product"}],"wp:featuredmedia":[{"embeddable":true,"href":"https:\/\/vinasturm.si\/trgovina\/wp-json\/wp\/v2\/media\/186"}],"wp:attachment":[{"href":"https:\/\/vinasturm.si\/trgovina\/wp-json\/wp\/v2\/media?parent=185"}],"wp:term":[{"taxonomy":"product_brand","embeddable":true,"href":"https:\/\/vinasturm.si\/trgovina\/wp-json\/wp\/v2\/product_brand?post=185"},{"taxonomy":"product_cat","embeddable":true,"href":"https:\/\/vinasturm.si\/trgovina\/wp-json\/wp\/v2\/product_cat?post=185"},{"taxonomy":"product_tag","embeddable":true,"href":"https:\/\/vinasturm.si\/trgovina\/wp-json\/wp\/v2\/product_tag?post=185"}],"curies":[{"name":"wp","href":"https:\/\/api.w.org\/{rel}","templated":true}]}}