{"id":193,"date":"2020-01-21T19:31:38","date_gmt":"2020-01-21T18:31:38","guid":{"rendered":"https:\/\/vinasturm.si\/trgovina\/?post_type=product&#038;p=193"},"modified":"2026-04-13T08:37:04","modified_gmt":"2026-04-13T06:37:04","slug":"sauvignon","status":"publish","type":"product","link":"https:\/\/vinasturm.si\/trgovina\/izdelek\/sauvignon\/","title":{"rendered":"Sauvignon 2024"},"content":{"rendered":"<div class=\"attribute\"><span class=\"name\"><strong>Dr\u017eava porekla<\/strong>:\u00a0<\/span>Slovenija<\/div>\n<div class=\"attribute\"><span class=\"name\"><strong>Regija<\/strong>:\u00a0<\/span>Bela krajina<\/div>\n<div class=\"attribute\"><span class=\"name\"><strong>Barva vina<\/strong>:\u00a0<\/span>Belo<\/div>\n<div class=\"attribute\"><span class=\"name\"><strong>Vsebina<\/strong>:\u00a0<\/span>0,75 l<\/div>\n<div class=\"attribute\"><span class=\"name\"><strong>Sorta<\/strong>:\u00a0<\/span>Sauvignon<\/div>\n<div class=\"attribute\"><span class=\"name\"><strong>Stil vina<\/strong>: Sve\u017ee belo<\/span><\/div>\n<div class=\"attribute\"><span class=\"name\"><strong>Sladkorna stopnja<\/strong>:\u00a0<\/span>Suho<\/div>\n<div class=\"attribute\"><span class=\"name\"><strong>Letnik vina<\/strong>:\u00a0<\/span>2024<\/div>\n<div class=\"attribute\"><span class=\"name\"><strong>Alkoholna stopnja<\/strong>:\u00a0<\/span>13%<\/div>\n<div><\/div>\n<div><\/div>\n","protected":false},"excerpt":{"rendered":"<p><span class=\"JsGRdQ\">Je ne\u017ene limonasto rumene barve z mladostno in sadno cvetico, ki spominja na jabolka, limone in grenivko. Pestra in \u017eivahna cvetica se v ustih nadaljuje in na\u0161e brbon\u010dice razvaja s \u010distostjo okusov, so\u010dnostjo ter kan\u010dkom oljnate<\/span> <span class=\"JsGRdQ\">teksture. Suho vino, srednjega telesa, s karakterjem, ki v ustih premore harmoni\u010dno sve\u017eino in bogato sortno noto sauvignona. Privla\u010den sauvignon s prijetnim in dolgim<\/span> <span class=\"JsGRdQ\">zatonom.<\/span><\/p>\n","protected":false},"featured_media":194,"template":"","meta":{"_monsterinsights_skip_tracking":false,"_monsterinsights_sitenote_active":false,"_monsterinsights_sitenote_note":"","_monsterinsights_sitenote_category":0},"product_brand":[],"product_cat":[18],"product_tag":[],"class_list":{"0":"post-193","1":"product","2":"type-product","3":"status-publish","4":"has-post-thumbnail","6":"product_cat-bela-kolekcija","8":"first","9":"instock","10":"taxable","11":"shipping-taxable","12":"purchasable","13":"product-type-simple"},"_links":{"self":[{"href":"https:\/\/vinasturm.si\/trgovina\/wp-json\/wp\/v2\/product\/193","targetHints":{"allow":["GET"]}}],"collection":[{"href":"https:\/\/vinasturm.si\/trgovina\/wp-json\/wp\/v2\/product"}],"about":[{"href":"https:\/\/vinasturm.si\/trgovina\/wp-json\/wp\/v2\/types\/product"}],"wp:featuredmedia":[{"embeddable":true,"href":"https:\/\/vinasturm.si\/trgovina\/wp-json\/wp\/v2\/media\/194"}],"wp:attachment":[{"href":"https:\/\/vinasturm.si\/trgovina\/wp-json\/wp\/v2\/media?parent=193"}],"wp:term":[{"taxonomy":"product_brand","embeddable":true,"href":"https:\/\/vinasturm.si\/trgovina\/wp-json\/wp\/v2\/product_brand?post=193"},{"taxonomy":"product_cat","embeddable":true,"href":"https:\/\/vinasturm.si\/trgovina\/wp-json\/wp\/v2\/product_cat?post=193"},{"taxonomy":"product_tag","embeddable":true,"href":"https:\/\/vinasturm.si\/trgovina\/wp-json\/wp\/v2\/product_tag?post=193"}],"curies":[{"name":"wp","href":"https:\/\/api.w.org\/{rel}","templated":true}]}}