{"id":197,"date":"2020-01-21T19:35:02","date_gmt":"2020-01-21T18:35:02","guid":{"rendered":"https:\/\/vinasturm.si\/trgovina\/?post_type=product&#038;p=197"},"modified":"2026-04-29T22:36:12","modified_gmt":"2026-04-29T20:36:12","slug":"vicas","status":"publish","type":"product","link":"https:\/\/vinasturm.si\/trgovina\/izdelek\/vicas\/","title":{"rendered":"Vicas 2018"},"content":{"rendered":"<blockquote><p><strong>Dr\u017eava porekla:<\/strong> Slovenija<br \/>\n<strong>Regija:<\/strong> Bela krajina<br \/>\n<strong>Barva vina:<\/strong> Rde\u010de<br \/>\n<strong>Vsebina:<\/strong> 0,75 l<br \/>\n<strong>Sorta:<\/strong> Cabarnet Sauvignon<br \/>\n<strong>Stil vina:<\/strong> Bogato rde\u010de<br \/>\n<strong>Sladkorna stopnja:<\/strong> Suho<br \/>\n<strong>Letnik:<\/strong> 2018<br \/>\n<strong>Alkoholna stopnja:<\/strong> 13 %<\/p><\/blockquote>\n<p>&nbsp;<\/p>\n","protected":false},"excerpt":{"rendered":"<p class=\"_04xlpA direction-ltr align-justify para-style-body\"><span class=\"JsGRdQ\">Vicas je globoke neprosojne rubinaste barve z odtenki vijoli\u010dne. Cvetica spominja na rde\u010de in \u010drne sade\u017ee,<\/span> <span class=\"JsGRdQ\">v ospredju je izrazit vonj \u010drnega ribeza. Izjemno vino bogatih arom, pestrega okusa in polnega telesa. Zaznamujejo ga uravnote\u017eene kisline in lepa mera zrelih taninov. Na\u0161e brbon\u010dice razvaja z bogatim in kompleksnim telesom, mehkobo ter \u017eametno teksturo. Vicas nas o\u010dara s toplim zaklju\u010dkom, ki v ustih lepo vztraja. Velja za bogato vino mo\u010dne strukture in se lahko pohvali z izjemnim potencialom staranja. <\/span><span class=\"JsGRdQ\">Zelo dobro se znajde ob jagenj\u010dku, teletini, divja\u010dini in ostalih mesnih jedeh.<\/span><\/p>\n","protected":false},"featured_media":198,"template":"","meta":{"_monsterinsights_skip_tracking":false,"_monsterinsights_sitenote_active":false,"_monsterinsights_sitenote_note":"","_monsterinsights_sitenote_category":0},"product_brand":[],"product_cat":[19],"product_tag":[],"class_list":{"0":"post-197","1":"product","2":"type-product","3":"status-publish","4":"has-post-thumbnail","6":"product_cat-modra-kolekcija","8":"first","9":"instock","10":"taxable","11":"shipping-taxable","12":"purchasable","13":"product-type-simple"},"_links":{"self":[{"href":"https:\/\/vinasturm.si\/trgovina\/wp-json\/wp\/v2\/product\/197","targetHints":{"allow":["GET"]}}],"collection":[{"href":"https:\/\/vinasturm.si\/trgovina\/wp-json\/wp\/v2\/product"}],"about":[{"href":"https:\/\/vinasturm.si\/trgovina\/wp-json\/wp\/v2\/types\/product"}],"wp:featuredmedia":[{"embeddable":true,"href":"https:\/\/vinasturm.si\/trgovina\/wp-json\/wp\/v2\/media\/198"}],"wp:attachment":[{"href":"https:\/\/vinasturm.si\/trgovina\/wp-json\/wp\/v2\/media?parent=197"}],"wp:term":[{"taxonomy":"product_brand","embeddable":true,"href":"https:\/\/vinasturm.si\/trgovina\/wp-json\/wp\/v2\/product_brand?post=197"},{"taxonomy":"product_cat","embeddable":true,"href":"https:\/\/vinasturm.si\/trgovina\/wp-json\/wp\/v2\/product_cat?post=197"},{"taxonomy":"product_tag","embeddable":true,"href":"https:\/\/vinasturm.si\/trgovina\/wp-json\/wp\/v2\/product_tag?post=197"}],"curies":[{"name":"wp","href":"https:\/\/api.w.org\/{rel}","templated":true}]}}