{"id":233,"date":"2020-01-21T21:46:10","date_gmt":"2020-01-21T20:46:10","guid":{"rendered":"https:\/\/vinasturm.si\/trgovina\/?post_type=product&#038;p=233"},"modified":"2023-10-18T13:33:44","modified_gmt":"2023-10-18T11:33:44","slug":"trojcek-buteljka","status":"publish","type":"product","link":"https:\/\/vinasturm.si\/trgovina\/izdelek\/trojcek-buteljka\/","title":{"rendered":"Troj\u010dek buteljka 0,75 L"},"content":{"rendered":"<p>Slika je simboli\u010dna. Cena ne vklju\u010duje steklenic.<\/p>\n","protected":false},"excerpt":{"rendered":"<div class=\"woocommerce-product-details__short-description\">\n<p>Lesena darilna \u0161katla za tri steklenice 0,75 l vin \u0160turm.<\/p>\n<\/div>\n","protected":false},"featured_media":234,"template":"","meta":{"_monsterinsights_skip_tracking":false,"_monsterinsights_sitenote_active":false,"_monsterinsights_sitenote_note":"","_monsterinsights_sitenote_category":0},"product_brand":[],"product_cat":[23],"product_tag":[24],"class_list":{"0":"post-233","1":"product","2":"type-product","3":"status-publish","4":"has-post-thumbnail","6":"product_cat-darilni-program","7":"product_tag-darila","9":"first","10":"outofstock","11":"taxable","12":"shipping-taxable","13":"purchasable","14":"product-type-simple"},"_links":{"self":[{"href":"https:\/\/vinasturm.si\/trgovina\/wp-json\/wp\/v2\/product\/233","targetHints":{"allow":["GET"]}}],"collection":[{"href":"https:\/\/vinasturm.si\/trgovina\/wp-json\/wp\/v2\/product"}],"about":[{"href":"https:\/\/vinasturm.si\/trgovina\/wp-json\/wp\/v2\/types\/product"}],"wp:featuredmedia":[{"embeddable":true,"href":"https:\/\/vinasturm.si\/trgovina\/wp-json\/wp\/v2\/media\/234"}],"wp:attachment":[{"href":"https:\/\/vinasturm.si\/trgovina\/wp-json\/wp\/v2\/media?parent=233"}],"wp:term":[{"taxonomy":"product_brand","embeddable":true,"href":"https:\/\/vinasturm.si\/trgovina\/wp-json\/wp\/v2\/product_brand?post=233"},{"taxonomy":"product_cat","embeddable":true,"href":"https:\/\/vinasturm.si\/trgovina\/wp-json\/wp\/v2\/product_cat?post=233"},{"taxonomy":"product_tag","embeddable":true,"href":"https:\/\/vinasturm.si\/trgovina\/wp-json\/wp\/v2\/product_tag?post=233"}],"curies":[{"name":"wp","href":"https:\/\/api.w.org\/{rel}","templated":true}]}}