{"id":359,"date":"2020-02-05T19:06:40","date_gmt":"2020-02-05T18:06:40","guid":{"rendered":"https:\/\/vinasturm.si\/trgovina\/?post_type=product&#038;p=359"},"modified":"2025-12-03T07:00:40","modified_gmt":"2025-12-03T06:00:40","slug":"modra-frankinja-2013","status":"publish","type":"product","link":"https:\/\/vinasturm.si\/trgovina\/izdelek\/modra-frankinja-2013\/","title":{"rendered":"Modra frankinja bq 2013, Jeroboam"},"content":{"rendered":"<p><strong>Dr\u017eava porekla:<\/strong> Slovenija<br \/>\n<strong>Regija:<\/strong> Bela krajina<br \/>\n<strong>Barva vina:<\/strong> Rde\u010de<br \/>\n<strong>Vsebina:<\/strong> 3l<br \/>\n<strong>Sorta:<\/strong> Modra frankinja<br \/>\n<strong>Stil vina:<\/strong> Bogato rde\u010de<br \/>\n<strong>Sladkorna stopnja:<\/strong> Suho<br \/>\n<strong>Letnik:<\/strong> 2013<br \/>\n<strong>Alkoholna stopnja:<\/strong> 13 %<\/p>\n<p>&nbsp;<\/p>\n","protected":false},"excerpt":{"rendered":"<div class=\"short-description\">\n<div class=\"std\">\n<div class=\"ocena_opis\"><span class=\"JsGRdQ\">Za modro frankinjo modre kolekcije je zna\u010dilna globoka rubinasta barva z odtenki vijoli\u010dne. Poudarjena cvetica izra\u017ea pestre arome zrelih rde\u010dih in \u010drnih sade\u017eev,<\/span> <span class=\"JsGRdQ\">ki se prepletajo s pikantnimi notami \u010drnega popra ter pridihom po pra\u017eenem in vanilji. Vino je suho, polnega telesa ter zaokro\u017eenega okusa, ki spomni na suhe slive. Zrele in uravnote\u017eene kisline ter omeh\u010dani tanini napovedujejo<\/span> <span class=\"JsGRdQ\">popolnoma dozorelo vino v zelo dobri formi. Odli\u010dno se poda k pestrem izboru mesnih jedi.<\/span><\/div>\n<\/div>\n<\/div>\n<div><\/div>\n<div>V ceno je vklju\u010dena tudi lesena embala\u017ea (enoj\u010dek jeroboam 3l).<\/div>\n","protected":false},"featured_media":248,"template":"","meta":{"_monsterinsights_skip_tracking":false,"_monsterinsights_sitenote_active":false,"_monsterinsights_sitenote_note":"","_monsterinsights_sitenote_category":0},"product_brand":[],"product_cat":[19],"product_tag":[],"class_list":{"0":"post-359","1":"product","2":"type-product","3":"status-publish","4":"has-post-thumbnail","6":"product_cat-modra-kolekcija","8":"first","9":"instock","10":"taxable","11":"shipping-taxable","12":"purchasable","13":"product-type-simple"},"_links":{"self":[{"href":"https:\/\/vinasturm.si\/trgovina\/wp-json\/wp\/v2\/product\/359","targetHints":{"allow":["GET"]}}],"collection":[{"href":"https:\/\/vinasturm.si\/trgovina\/wp-json\/wp\/v2\/product"}],"about":[{"href":"https:\/\/vinasturm.si\/trgovina\/wp-json\/wp\/v2\/types\/product"}],"wp:featuredmedia":[{"embeddable":true,"href":"https:\/\/vinasturm.si\/trgovina\/wp-json\/wp\/v2\/media\/248"}],"wp:attachment":[{"href":"https:\/\/vinasturm.si\/trgovina\/wp-json\/wp\/v2\/media?parent=359"}],"wp:term":[{"taxonomy":"product_brand","embeddable":true,"href":"https:\/\/vinasturm.si\/trgovina\/wp-json\/wp\/v2\/product_brand?post=359"},{"taxonomy":"product_cat","embeddable":true,"href":"https:\/\/vinasturm.si\/trgovina\/wp-json\/wp\/v2\/product_cat?post=359"},{"taxonomy":"product_tag","embeddable":true,"href":"https:\/\/vinasturm.si\/trgovina\/wp-json\/wp\/v2\/product_tag?post=359"}],"curies":[{"name":"wp","href":"https:\/\/api.w.org\/{rel}","templated":true}]}}